{"id":10,"date":"2026-03-19T15:01:14","date_gmt":"2026-03-19T15:01:14","guid":{"rendered":"http:\/\/bhnklxl.cluster129.hosting.ovh.net\/?page_id=10"},"modified":"2026-04-17T10:37:12","modified_gmt":"2026-04-17T10:37:12","slug":"accueil","status":"publish","type":"page","link":"https:\/\/omloinfo.com\/","title":{"rendered":"Accueil"},"content":{"rendered":"\n<figure class=\"wp-block-image alignfull size-full\"><img loading=\"lazy\" decoding=\"async\" width=\"2560\" height=\"1440\" src=\"https:\/\/omloinfo.com\/wp-content\/uploads\/2026\/04\/photo-page-accueil-omlo-scaled.png\" alt=\"Photo de l'accueil, immeuble logo OMLO au milieu sur le ciel \" class=\"wp-image-525\" srcset=\"https:\/\/omloinfo.com\/wp-content\/uploads\/2026\/04\/photo-page-accueil-omlo-scaled.png 2560w, https:\/\/omloinfo.com\/wp-content\/uploads\/2026\/04\/photo-page-accueil-omlo-300x169.png 300w, https:\/\/omloinfo.com\/wp-content\/uploads\/2026\/04\/photo-page-accueil-omlo-1024x576.png 1024w, https:\/\/omloinfo.com\/wp-content\/uploads\/2026\/04\/photo-page-accueil-omlo-768x432.png 768w, https:\/\/omloinfo.com\/wp-content\/uploads\/2026\/04\/photo-page-accueil-omlo-1536x864.png 1536w, https:\/\/omloinfo.com\/wp-content\/uploads\/2026\/04\/photo-page-accueil-omlo-2048x1152.png 2048w\" sizes=\"auto, (max-width: 2560px) 100vw, 2560px\" \/><\/figure>\n\n\n\n<div class=\"wp-block-group version-desktop is-nowrap is-layout-flex wp-container-core-group-is-layout-6c531013 wp-block-group-is-layout-flex\">\n<div style=\"height:194px;width:0px\" aria-hidden=\"true\" class=\"wp-block-spacer wp-container-content-ad0bfbac\"><\/div>\n\n\n\n<p class=\"has-ast-global-color-5-color has-text-color has-background has-link-color wp-elements-cd58f217b62abcf7dc791cba0e8d1662\" style=\"background-color:#0053a6\"><strong>Propri\u00e9taire ou locataire dans la r\u00e9gion nantaise ? Je suis l\u00e0 pour vous simplifier la vie.<\/strong><\/p>\n\n\n\n<p>\u00catre propri\u00e9taire d&rsquo;un bien en location peut vite devenir une source de stress : d\u00e9marches administratives, suivi des locataires, obligations l\u00e9gales\u2026 Chez OMLO, je prends en charge ces contraintes \u00e0 votre place.<\/p>\n\n\n\n<p>Bas\u00e9 \u00e0 Ch\u00e2teau-Th\u00e9baud, en Loire-Atlantique, j&rsquo;interviens aupr\u00e8s des bailleurs et locataires des alentours de Nantes avec une promesse simple : un accompagnement personnalis\u00e9, une gestion rigoureuse et une vraie disponibilit\u00e9.<\/p>\n\n\n\n<p class=\"version-desktop has-ast-global-color-5-color has-text-color has-background has-link-color wp-elements-166358ae22ed69dc9859850113bfb992\" style=\"background-color:#0053a6\"><strong>Faire confiance \u00e0 OMLO, c&rsquo;est optimiser votre location \u2014 en toute s\u00e9r\u00e9nit\u00e9.<\/strong><\/p>\n\n\n\n<div style=\"height:110px;width:0px\" aria-hidden=\"true\" class=\"wp-block-spacer wp-container-content-075273c0\"><\/div>\n<\/div>\n\n\n\n<div class=\"wp-block-group version-mobile is-vertical is-layout-flex wp-container-core-group-is-layout-fe9cc265 wp-block-group-is-layout-flex\">\n<p class=\"has-ast-global-color-5-color has-text-color has-background has-link-color wp-elements-cd58f217b62abcf7dc791cba0e8d1662\" style=\"background-color:#0053a6\"><strong>Propri\u00e9taire ou locataire dans la r\u00e9gion nantaise ? Je suis l\u00e0 pour vous simplifier la vie.<\/strong><\/p>\n\n\n\n<p>\u00catre propri\u00e9taire d&rsquo;un bien en location peut vite devenir une source de stress : d\u00e9marches administratives, suivi des locataires, obligations l\u00e9gales\u2026 Chez OMLO, je prends en charge ces contraintes \u00e0 votre place.<\/p>\n\n\n\n<p>Bas\u00e9 \u00e0 Ch\u00e2teau-Th\u00e9baud, en Loire-Atlantique, j&rsquo;interviens aupr\u00e8s des bailleurs et locataires des alentours de Nantes avec une promesse simple : un accompagnement personnalis\u00e9, une <a href=\"https:\/\/omloinfo.com\/index.php\/omloinfo-com-gestion-locative\/\">gestion <\/a>rigoureuse et une vraie disponibilit\u00e9.<\/p>\n\n\n\n<p class=\"has-ast-global-color-5-color has-text-color has-background has-link-color wp-elements-1efbf9368eca2a05597c44c5be1d1085\" style=\"background-color:#0053a6\"><strong>Faire confiance \u00e0 OMLO, c&rsquo;est optimiser votre location \u2014 en toute s\u00e9r\u00e9nit\u00e9.<\/strong><\/p>\n\n\n<\/div>\n\n\n\n<h4 class=\"wp-block-heading\" style=\"padding-right:var(--wp--preset--spacing--60);padding-left:var(--wp--preset--spacing--60)\"><strong>Vous \u00eates propri\u00e9taire ?<\/strong><\/h4>\n\n\n\n<figure class=\"wp-block-image alignright size-full is-resized logo-mobile-ajust\" style=\"margin-right:var(--wp--preset--spacing--70);margin-left:var(--wp--preset--spacing--70)\"><img loading=\"lazy\" decoding=\"async\" width=\"1024\" height=\"1024\" src=\"http:\/\/bhnklxl.cluster129.hosting.ovh.net\/wp-content\/uploads\/2026\/04\/Optimiser-ma-location-logo.png\" alt=\"\" class=\"wp-image-446\" style=\"width:146px;height:auto\" srcset=\"https:\/\/omloinfo.com\/wp-content\/uploads\/2026\/04\/Optimiser-ma-location-logo.png 1024w, https:\/\/omloinfo.com\/wp-content\/uploads\/2026\/04\/Optimiser-ma-location-logo-300x300.png 300w, https:\/\/omloinfo.com\/wp-content\/uploads\/2026\/04\/Optimiser-ma-location-logo-150x150.png 150w, https:\/\/omloinfo.com\/wp-content\/uploads\/2026\/04\/Optimiser-ma-location-logo-768x768.png 768w\" sizes=\"auto, (max-width: 1024px) 100vw, 1024px\" \/><\/figure>\n\n\n\n<p class=\"has-text-align-left\" style=\"padding-top:0;padding-right:var(--wp--preset--spacing--60);padding-bottom:0;padding-left:var(--wp--preset--spacing--60)\">Confiez-moi la gestion de votre bien et lib\u00e9rez-vous de toutes les contraintes.<\/p>\n\n\n\n<p style=\"padding-right:var(--wp--preset--spacing--60);padding-left:var(--wp--preset--spacing--60)\">De la recherche du locataire jusqu&rsquo;\u00e0 la fin du bail, je m&rsquo;occupe de tout : publication des annonces, organisation des visites,<strong> <\/strong>r\u00e9daction du bail, renouvellement ou r\u00e9siliation, encaissement des loyers, suivi administratif, gestion des incidents&#8230;<\/p>\n\n\n\n<p style=\"padding-right:var(--wp--preset--spacing--60);padding-left:var(--wp--preset--spacing--60)\"><strong>Vous profitez de votre investissement, et OMLO g\u00e8re le reste<\/strong> !<\/p>\n\n\n\n<p><\/p>\n\n\n\n<h3 class=\"wp-block-heading has-text-align-center\">Les offres en cours <\/h3>\n\n\n\n<div class=\"wp-block-group is-layout-constrained wp-block-group-is-layout-constrained\">\n<figure class=\"wp-block-gallery has-nested-images columns-default is-cropped wp-block-gallery-1 is-layout-flex wp-block-gallery-is-layout-flex\">\n<figure class=\"wp-block-image size-large is-resized\"><img decoding=\"async\" data-id=\"227\" src=\"http:\/\/bhnklxl.cluster129.hosting.ovh.net\/wp-content\/uploads\/2026\/03\/6-1.jpg\" alt=\"\" class=\"wp-image-227\" style=\"width:334px;height:auto\"\/><\/figure>\n\n\n\n<figure class=\"wp-block-image size-large is-resized\"><img loading=\"lazy\" decoding=\"async\" width=\"736\" height=\"985\" data-id=\"220\" src=\"http:\/\/bhnklxl.cluster129.hosting.ovh.net\/wp-content\/uploads\/2026\/03\/7.jpg\" alt=\"\" class=\"wp-image-220\" style=\"width:315px;height:auto\" srcset=\"https:\/\/omloinfo.com\/wp-content\/uploads\/2026\/03\/7.jpg 736w, https:\/\/omloinfo.com\/wp-content\/uploads\/2026\/03\/7-224x300.jpg 224w\" sizes=\"auto, (max-width: 736px) 100vw, 736px\" \/><\/figure>\n\n\n\n<figure class=\"wp-block-image size-large is-resized\"><img loading=\"lazy\" decoding=\"async\" width=\"735\" height=\"923\" data-id=\"229\" src=\"http:\/\/bhnklxl.cluster129.hosting.ovh.net\/wp-content\/uploads\/2026\/03\/5.jpg\" alt=\"\" class=\"wp-image-229\" style=\"width:318px;height:auto\" srcset=\"https:\/\/omloinfo.com\/wp-content\/uploads\/2026\/03\/5.jpg 735w, https:\/\/omloinfo.com\/wp-content\/uploads\/2026\/03\/5-239x300.jpg 239w\" sizes=\"auto, (max-width: 735px) 100vw, 735px\" \/><\/figure>\n<\/figure>\n<\/div>\n\n\n\n<p><\/p>\n\n\n\n<p><\/p>\n\n\n\n<p><\/p>\n","protected":false},"excerpt":{"rendered":"<p>Propri\u00e9taire ou locataire dans la r\u00e9gion nantaise ? Je suis l\u00e0 pour vous simplifier la vie. \u00catre propri\u00e9taire d&rsquo;un bien [&hellip;]<\/p>\n","protected":false},"author":1,"featured_media":0,"parent":0,"menu_order":0,"comment_status":"closed","ping_status":"closed","template":"","meta":{"site-sidebar-layout":"no-sidebar","site-content-layout":"plain-container","ast-site-content-layout":"full-width-container","site-content-style":"default","site-sidebar-style":"default","ast-global-header-display":"","ast-banner-title-visibility":"","ast-main-header-display":"","ast-hfb-above-header-display":"","ast-hfb-below-header-display":"","ast-hfb-mobile-header-display":"","site-post-title":"disabled","ast-breadcrumbs-content":"","ast-featured-img":"","footer-sml-layout":"","ast-disable-related-posts":"","theme-transparent-header-meta":"enabled","adv-header-id-meta":"","stick-header-meta":"","header-above-stick-meta":"","header-main-stick-meta":"","header-below-stick-meta":"","astra-migrate-meta-layouts":"default","ast-page-background-enabled":"default","ast-page-background-meta":{"desktop":{"background-color":"var(--ast-global-color-5)","background-image":"","background-repeat":"repeat","background-position":"center center","background-size":"auto","background-attachment":"scroll","background-type":"","background-media":"","overlay-type":"","overlay-color":"","overlay-opacity":"","overlay-gradient":""},"tablet":{"background-color":"","background-image":"","background-repeat":"repeat","background-position":"center center","background-size":"auto","background-attachment":"scroll","background-type":"","background-media":"","overlay-type":"","overlay-color":"","overlay-opacity":"","overlay-gradient":""},"mobile":{"background-color":"","background-image":"","background-repeat":"repeat","background-position":"center center","background-size":"auto","background-attachment":"scroll","background-type":"","background-media":"","overlay-type":"","overlay-color":"","overlay-opacity":"","overlay-gradient":""}},"ast-content-background-meta":{"desktop":{"background-color":"var(--ast-global-color-4)","background-image":"","background-repeat":"repeat","background-position":"center center","background-size":"auto","background-attachment":"scroll","background-type":"","background-media":"","overlay-type":"","overlay-color":"","overlay-opacity":"","overlay-gradient":""},"tablet":{"background-color":"var(--ast-global-color-4)","background-image":"","background-repeat":"repeat","background-position":"center center","background-size":"auto","background-attachment":"scroll","background-type":"","background-media":"","overlay-type":"","overlay-color":"","overlay-opacity":"","overlay-gradient":""},"mobile":{"background-color":"var(--ast-global-color-4)","background-image":"","background-repeat":"repeat","background-position":"center center","background-size":"auto","background-attachment":"scroll","background-type":"","background-media":"","overlay-type":"","overlay-color":"","overlay-opacity":"","overlay-gradient":""}},"footnotes":""},"class_list":["post-10","page","type-page","status-publish","hentry"],"yoast_head":"<!-- This site is optimized with the Yoast SEO plugin v27.3 - https:\/\/yoast.com\/product\/yoast-seo-wordpress\/ -->\n<title>Accueil | OMLO<\/title>\n<meta name=\"description\" content=\"OMLO est une entreprise sp\u00e9cialis\u00e9e en gestion immobili\u00e8re, conciergerie et r\u00e9novation \u00e9nerg\u00e9tique et accompagne tous vos besoins de location\" \/>\n<meta name=\"robots\" content=\"index, follow, max-snippet:-1, max-image-preview:large, max-video-preview:-1\" \/>\n<link rel=\"canonical\" href=\"https:\/\/omloinfo.com\/\" \/>\n<meta property=\"og:locale\" content=\"fr_FR\" \/>\n<meta property=\"og:type\" content=\"article\" \/>\n<meta property=\"og:title\" content=\"Accueil | OMLO\" \/>\n<meta property=\"og:description\" content=\"OMLO est une entreprise sp\u00e9cialis\u00e9e en gestion immobili\u00e8re, conciergerie et r\u00e9novation \u00e9nerg\u00e9tique et accompagne tous vos besoins de location\" \/>\n<meta property=\"og:url\" content=\"https:\/\/omloinfo.com\/\" \/>\n<meta property=\"og:site_name\" content=\"OMLO\" \/>\n<meta property=\"article:modified_time\" content=\"2026-04-17T10:37:12+00:00\" \/>\n<meta property=\"og:image\" content=\"https:\/\/omloinfo.com\/wp-content\/uploads\/2026\/04\/photo-page-accueil-omlo-scaled.png\" \/>\n<meta name=\"twitter:card\" content=\"summary_large_image\" \/>\n<meta name=\"twitter:label1\" content=\"Dur\u00e9e de lecture estim\u00e9e\" \/>\n\t<meta name=\"twitter:data1\" content=\"3 minutes\" \/>\n<script type=\"application\/ld+json\" class=\"yoast-schema-graph\">{\"@context\":\"https:\\\/\\\/schema.org\",\"@graph\":[{\"@type\":\"WebPage\",\"@id\":\"https:\\\/\\\/omloinfo.com\\\/\",\"url\":\"https:\\\/\\\/omloinfo.com\\\/\",\"name\":\"Accueil | OMLO\",\"isPartOf\":{\"@id\":\"https:\\\/\\\/omloinfo.com\\\/#website\"},\"primaryImageOfPage\":{\"@id\":\"https:\\\/\\\/omloinfo.com\\\/#primaryimage\"},\"image\":{\"@id\":\"https:\\\/\\\/omloinfo.com\\\/#primaryimage\"},\"thumbnailUrl\":\"https:\\\/\\\/omloinfo.com\\\/wp-content\\\/uploads\\\/2026\\\/04\\\/photo-page-accueil-omlo-scaled.png\",\"datePublished\":\"2026-03-19T15:01:14+00:00\",\"dateModified\":\"2026-04-17T10:37:12+00:00\",\"description\":\"OMLO est une entreprise sp\u00e9cialis\u00e9e en gestion immobili\u00e8re, conciergerie et r\u00e9novation \u00e9nerg\u00e9tique et accompagne tous vos besoins de location\",\"breadcrumb\":{\"@id\":\"https:\\\/\\\/omloinfo.com\\\/#breadcrumb\"},\"inLanguage\":\"fr-FR\",\"potentialAction\":[{\"@type\":\"ReadAction\",\"target\":[\"https:\\\/\\\/omloinfo.com\\\/\"]}]},{\"@type\":\"ImageObject\",\"inLanguage\":\"fr-FR\",\"@id\":\"https:\\\/\\\/omloinfo.com\\\/#primaryimage\",\"url\":\"https:\\\/\\\/omloinfo.com\\\/wp-content\\\/uploads\\\/2026\\\/04\\\/photo-page-accueil-omlo-scaled.png\",\"contentUrl\":\"https:\\\/\\\/omloinfo.com\\\/wp-content\\\/uploads\\\/2026\\\/04\\\/photo-page-accueil-omlo-scaled.png\",\"width\":2560,\"height\":1440,\"caption\":\"Une photographie artistique prise depuis le sol d'un patio ou d'une cour int\u00e9rieure. On aper\u00e7oit les fa\u00e7ades sym\u00e9triques d'un immeuble de caract\u00e8re aux nombreuses fen\u00eatres, encadrant un ciel bleu clair. Au centre de cette composition architecturale, le logo OMLO est appos\u00e9 en blanc pur, cr\u00e9ant un contraste \u00e9l\u00e9gant et une sensation de hauteur et de s\u00e9r\u00e9nit\u00e9.\"},{\"@type\":\"BreadcrumbList\",\"@id\":\"https:\\\/\\\/omloinfo.com\\\/#breadcrumb\",\"itemListElement\":[{\"@type\":\"ListItem\",\"position\":1,\"name\":\"Accueil\",\"item\":\"https:\\\/\\\/omloinfo.com\\\/\"},{\"@type\":\"ListItem\",\"position\":2,\"name\":\"Accueil\"}]},{\"@type\":\"WebSite\",\"@id\":\"https:\\\/\\\/omloinfo.com\\\/#website\",\"url\":\"https:\\\/\\\/omloinfo.com\\\/\",\"name\":\"OMLO\",\"description\":\"\",\"publisher\":{\"@id\":\"https:\\\/\\\/omloinfo.com\\\/#organization\"},\"potentialAction\":[{\"@type\":\"SearchAction\",\"target\":{\"@type\":\"EntryPoint\",\"urlTemplate\":\"https:\\\/\\\/omloinfo.com\\\/?s={search_term_string}\"},\"query-input\":{\"@type\":\"PropertyValueSpecification\",\"valueRequired\":true,\"valueName\":\"search_term_string\"}}],\"inLanguage\":\"fr-FR\"},{\"@type\":\"Organization\",\"@id\":\"https:\\\/\\\/omloinfo.com\\\/#organization\",\"name\":\"OMLO\",\"url\":\"https:\\\/\\\/omloinfo.com\\\/\",\"logo\":{\"@type\":\"ImageObject\",\"inLanguage\":\"fr-FR\",\"@id\":\"https:\\\/\\\/omloinfo.com\\\/#\\\/schema\\\/logo\\\/image\\\/\",\"url\":\"https:\\\/\\\/omloinfo.com\\\/wp-content\\\/uploads\\\/2026\\\/04\\\/cropped-Logo-secondaire-OMLO-baseline-creme.png\",\"contentUrl\":\"https:\\\/\\\/omloinfo.com\\\/wp-content\\\/uploads\\\/2026\\\/04\\\/cropped-Logo-secondaire-OMLO-baseline-creme.png\",\"width\":480,\"height\":520,\"caption\":\"OMLO\"},\"image\":{\"@id\":\"https:\\\/\\\/omloinfo.com\\\/#\\\/schema\\\/logo\\\/image\\\/\"}}]}<\/script>\n<!-- \/ Yoast SEO plugin. -->","yoast_head_json":{"title":"Accueil | OMLO","description":"OMLO est une entreprise sp\u00e9cialis\u00e9e en gestion immobili\u00e8re, conciergerie et r\u00e9novation \u00e9nerg\u00e9tique et accompagne tous vos besoins de location","robots":{"index":"index","follow":"follow","max-snippet":"max-snippet:-1","max-image-preview":"max-image-preview:large","max-video-preview":"max-video-preview:-1"},"canonical":"https:\/\/omloinfo.com\/","og_locale":"fr_FR","og_type":"article","og_title":"Accueil | OMLO","og_description":"OMLO est une entreprise sp\u00e9cialis\u00e9e en gestion immobili\u00e8re, conciergerie et r\u00e9novation \u00e9nerg\u00e9tique et accompagne tous vos besoins de location","og_url":"https:\/\/omloinfo.com\/","og_site_name":"OMLO","article_modified_time":"2026-04-17T10:37:12+00:00","og_image":[{"url":"https:\/\/omloinfo.com\/wp-content\/uploads\/2026\/04\/photo-page-accueil-omlo-scaled.png","type":"","width":"","height":""}],"twitter_card":"summary_large_image","twitter_misc":{"Dur\u00e9e de lecture estim\u00e9e":"3 minutes"},"schema":{"@context":"https:\/\/schema.org","@graph":[{"@type":"WebPage","@id":"https:\/\/omloinfo.com\/","url":"https:\/\/omloinfo.com\/","name":"Accueil | OMLO","isPartOf":{"@id":"https:\/\/omloinfo.com\/#website"},"primaryImageOfPage":{"@id":"https:\/\/omloinfo.com\/#primaryimage"},"image":{"@id":"https:\/\/omloinfo.com\/#primaryimage"},"thumbnailUrl":"https:\/\/omloinfo.com\/wp-content\/uploads\/2026\/04\/photo-page-accueil-omlo-scaled.png","datePublished":"2026-03-19T15:01:14+00:00","dateModified":"2026-04-17T10:37:12+00:00","description":"OMLO est une entreprise sp\u00e9cialis\u00e9e en gestion immobili\u00e8re, conciergerie et r\u00e9novation \u00e9nerg\u00e9tique et accompagne tous vos besoins de location","breadcrumb":{"@id":"https:\/\/omloinfo.com\/#breadcrumb"},"inLanguage":"fr-FR","potentialAction":[{"@type":"ReadAction","target":["https:\/\/omloinfo.com\/"]}]},{"@type":"ImageObject","inLanguage":"fr-FR","@id":"https:\/\/omloinfo.com\/#primaryimage","url":"https:\/\/omloinfo.com\/wp-content\/uploads\/2026\/04\/photo-page-accueil-omlo-scaled.png","contentUrl":"https:\/\/omloinfo.com\/wp-content\/uploads\/2026\/04\/photo-page-accueil-omlo-scaled.png","width":2560,"height":1440,"caption":"Une photographie artistique prise depuis le sol d'un patio ou d'une cour int\u00e9rieure. On aper\u00e7oit les fa\u00e7ades sym\u00e9triques d'un immeuble de caract\u00e8re aux nombreuses fen\u00eatres, encadrant un ciel bleu clair. Au centre de cette composition architecturale, le logo OMLO est appos\u00e9 en blanc pur, cr\u00e9ant un contraste \u00e9l\u00e9gant et une sensation de hauteur et de s\u00e9r\u00e9nit\u00e9."},{"@type":"BreadcrumbList","@id":"https:\/\/omloinfo.com\/#breadcrumb","itemListElement":[{"@type":"ListItem","position":1,"name":"Accueil","item":"https:\/\/omloinfo.com\/"},{"@type":"ListItem","position":2,"name":"Accueil"}]},{"@type":"WebSite","@id":"https:\/\/omloinfo.com\/#website","url":"https:\/\/omloinfo.com\/","name":"OMLO","description":"","publisher":{"@id":"https:\/\/omloinfo.com\/#organization"},"potentialAction":[{"@type":"SearchAction","target":{"@type":"EntryPoint","urlTemplate":"https:\/\/omloinfo.com\/?s={search_term_string}"},"query-input":{"@type":"PropertyValueSpecification","valueRequired":true,"valueName":"search_term_string"}}],"inLanguage":"fr-FR"},{"@type":"Organization","@id":"https:\/\/omloinfo.com\/#organization","name":"OMLO","url":"https:\/\/omloinfo.com\/","logo":{"@type":"ImageObject","inLanguage":"fr-FR","@id":"https:\/\/omloinfo.com\/#\/schema\/logo\/image\/","url":"https:\/\/omloinfo.com\/wp-content\/uploads\/2026\/04\/cropped-Logo-secondaire-OMLO-baseline-creme.png","contentUrl":"https:\/\/omloinfo.com\/wp-content\/uploads\/2026\/04\/cropped-Logo-secondaire-OMLO-baseline-creme.png","width":480,"height":520,"caption":"OMLO"},"image":{"@id":"https:\/\/omloinfo.com\/#\/schema\/logo\/image\/"}}]}},"_links":{"self":[{"href":"https:\/\/omloinfo.com\/index.php\/wp-json\/wp\/v2\/pages\/10","targetHints":{"allow":["GET"]}}],"collection":[{"href":"https:\/\/omloinfo.com\/index.php\/wp-json\/wp\/v2\/pages"}],"about":[{"href":"https:\/\/omloinfo.com\/index.php\/wp-json\/wp\/v2\/types\/page"}],"author":[{"embeddable":true,"href":"https:\/\/omloinfo.com\/index.php\/wp-json\/wp\/v2\/users\/1"}],"replies":[{"embeddable":true,"href":"https:\/\/omloinfo.com\/index.php\/wp-json\/wp\/v2\/comments?post=10"}],"version-history":[{"count":52,"href":"https:\/\/omloinfo.com\/index.php\/wp-json\/wp\/v2\/pages\/10\/revisions"}],"predecessor-version":[{"id":666,"href":"https:\/\/omloinfo.com\/index.php\/wp-json\/wp\/v2\/pages\/10\/revisions\/666"}],"wp:attachment":[{"href":"https:\/\/omloinfo.com\/index.php\/wp-json\/wp\/v2\/media?parent=10"}],"curies":[{"name":"wp","href":"https:\/\/api.w.org\/{rel}","templated":true}]}}