{"id":149,"date":"2026-03-26T14:27:58","date_gmt":"2026-03-26T14:27:58","guid":{"rendered":"http:\/\/bhnklxl.cluster129.hosting.ovh.net\/?page_id=149"},"modified":"2026-04-09T15:20:16","modified_gmt":"2026-04-09T15:20:16","slug":"presentazione","status":"publish","type":"page","link":"https:\/\/omloinfo.com\/index.php\/it\/presentazione\/","title":{"rendered":"Presentazione"},"content":{"rendered":"\n<p><strong>Chi sono?<\/strong><\/p>\n\n\n\n<p>Mi chiamo Ga\u00ebtan Maisonneuve, fondatore di OMLO, un&rsquo;azienda che ho creato nel settembre 2024 dopo 20 anni di esperienza come responsabile della locazione in agenzia immobiliare.<\/p>\n\n\n\n<p>Questa esperienza sul campo \u00e8 al centro del mio modo di lavorare: comprendere le realt\u00e0 del mercato, anticipare le vostre esigenze e supportarvi con seriet\u00e0 e vicinanza.<\/p>\n\n\n\n<p><strong>Servizi in evoluzione con le vostre esigenze<\/strong><\/p>\n\n\n\n<p>Partendo dalla gestione locativa, ho gradualmente ampliato la mia offerta per offrirvi oggi un supporto completo:<\/p>\n\n\n\n<ul class=\"wp-block-list\">\n<li><strong>Gestione locativa<\/strong> &#8211; monitoraggio rigoroso delle vostre propriet\u00e0 e dei vostri inquilini<\/li>\n\n\n\n<li><strong>Concierge<\/strong> &#8211; coordinamento dei lavori di manutenzione e riparazione<\/li>\n\n\n\n<li><strong>R\u00e9nov&rsquo;\u00c9nergie<\/strong> (da gennaio 2026) &#8211; consulenza dedicata al rinnovo energetico per i proprietari<\/li>\n\n\n\n<li><strong>Transazioni e collegamento<\/strong> &#8211; delega di mandati, partnership e collegamento tra colleghi e clienti<\/li>\n<\/ul>\n\n\n\n<p><br><strong>Il mio impegno<\/strong><\/p>\n\n\n\n<p>Il mio obiettivo \u00e8 semplice: <strong>alleggerire i vincoli<\/strong> legati ai vostri obblighi di proprietario o inquilino, in modo che possiate concentrarvi sull&rsquo;essenziale.<\/p>\n","protected":false},"excerpt":{"rendered":"<p>Chi sono? Mi chiamo Ga\u00ebtan Maisonneuve, fondatore di OMLO, un&rsquo;azienda che ho creato nel settembre 2024 dopo 20 anni di [&hellip;]<\/p>\n","protected":false},"author":3,"featured_media":0,"parent":0,"menu_order":0,"comment_status":"closed","ping_status":"closed","template":"","meta":{"site-sidebar-layout":"default","site-content-layout":"","ast-site-content-layout":"default","site-content-style":"default","site-sidebar-style":"default","ast-global-header-display":"","ast-banner-title-visibility":"","ast-main-header-display":"","ast-hfb-above-header-display":"","ast-hfb-below-header-display":"","ast-hfb-mobile-header-display":"","site-post-title":"","ast-breadcrumbs-content":"","ast-featured-img":"","footer-sml-layout":"","ast-disable-related-posts":"","theme-transparent-header-meta":"","adv-header-id-meta":"","stick-header-meta":"","header-above-stick-meta":"","header-main-stick-meta":"","header-below-stick-meta":"","astra-migrate-meta-layouts":"default","ast-page-background-enabled":"default","ast-page-background-meta":{"desktop":{"background-color":"var(--ast-global-color-5)","background-image":"","background-repeat":"repeat","background-position":"center center","background-size":"auto","background-attachment":"scroll","background-type":"","background-media":"","overlay-type":"","overlay-color":"","overlay-opacity":"","overlay-gradient":""},"tablet":{"background-color":"","background-image":"","background-repeat":"repeat","background-position":"center center","background-size":"auto","background-attachment":"scroll","background-type":"","background-media":"","overlay-type":"","overlay-color":"","overlay-opacity":"","overlay-gradient":""},"mobile":{"background-color":"","background-image":"","background-repeat":"repeat","background-position":"center center","background-size":"auto","background-attachment":"scroll","background-type":"","background-media":"","overlay-type":"","overlay-color":"","overlay-opacity":"","overlay-gradient":""}},"ast-content-background-meta":{"desktop":{"background-color":"var(--ast-global-color-4)","background-image":"","background-repeat":"repeat","background-position":"center center","background-size":"auto","background-attachment":"scroll","background-type":"","background-media":"","overlay-type":"","overlay-color":"","overlay-opacity":"","overlay-gradient":""},"tablet":{"background-color":"var(--ast-global-color-4)","background-image":"","background-repeat":"repeat","background-position":"center center","background-size":"auto","background-attachment":"scroll","background-type":"","background-media":"","overlay-type":"","overlay-color":"","overlay-opacity":"","overlay-gradient":""},"mobile":{"background-color":"var(--ast-global-color-4)","background-image":"","background-repeat":"repeat","background-position":"center center","background-size":"auto","background-attachment":"scroll","background-type":"","background-media":"","overlay-type":"","overlay-color":"","overlay-opacity":"","overlay-gradient":""}},"footnotes":""},"class_list":["post-149","page","type-page","status-publish","hentry"],"yoast_head":"<!-- This site is optimized with the Yoast SEO plugin v27.3 - https:\/\/yoast.com\/product\/yoast-seo-wordpress\/ -->\n<title>Presentazione | OMLO<\/title>\n<meta name=\"robots\" content=\"index, follow, max-snippet:-1, max-image-preview:large, max-video-preview:-1\" \/>\n<link rel=\"canonical\" href=\"https:\/\/omloinfo.com\/index.php\/it\/presentazione\/\" \/>\n<meta property=\"og:locale\" content=\"fr_FR\" \/>\n<meta property=\"og:type\" content=\"article\" \/>\n<meta property=\"og:title\" content=\"Presentazione | OMLO\" \/>\n<meta property=\"og:description\" content=\"Chi sono? Mi chiamo Ga\u00ebtan Maisonneuve, fondatore di OMLO, un&rsquo;azienda che ho creato nel settembre 2024 dopo 20 anni di [&hellip;]\" \/>\n<meta property=\"og:url\" content=\"https:\/\/omloinfo.com\/index.php\/it\/presentazione\/\" \/>\n<meta property=\"og:site_name\" content=\"OMLO\" \/>\n<meta property=\"article:modified_time\" content=\"2026-04-09T15:20:16+00:00\" \/>\n<meta name=\"twitter:card\" content=\"summary_large_image\" \/>\n<meta name=\"twitter:label1\" content=\"Dur\u00e9e de lecture estim\u00e9e\" \/>\n\t<meta name=\"twitter:data1\" content=\"1 minute\" \/>\n<script type=\"application\/ld+json\" class=\"yoast-schema-graph\">{\"@context\":\"https:\\\/\\\/schema.org\",\"@graph\":[{\"@type\":\"WebPage\",\"@id\":\"https:\\\/\\\/omloinfo.com\\\/index.php\\\/it\\\/presentazione\\\/\",\"url\":\"https:\\\/\\\/omloinfo.com\\\/index.php\\\/it\\\/presentazione\\\/\",\"name\":\"Presentazione | OMLO\",\"isPartOf\":{\"@id\":\"https:\\\/\\\/omloinfo.com\\\/#website\"},\"datePublished\":\"2026-03-26T14:27:58+00:00\",\"dateModified\":\"2026-04-09T15:20:16+00:00\",\"breadcrumb\":{\"@id\":\"https:\\\/\\\/omloinfo.com\\\/index.php\\\/it\\\/presentazione\\\/#breadcrumb\"},\"inLanguage\":\"fr-FR\",\"potentialAction\":[{\"@type\":\"ReadAction\",\"target\":[\"https:\\\/\\\/omloinfo.com\\\/index.php\\\/it\\\/presentazione\\\/\"]}]},{\"@type\":\"BreadcrumbList\",\"@id\":\"https:\\\/\\\/omloinfo.com\\\/index.php\\\/it\\\/presentazione\\\/#breadcrumb\",\"itemListElement\":[{\"@type\":\"ListItem\",\"position\":1,\"name\":\"Accueil\",\"item\":\"https:\\\/\\\/omloinfo.com\\\/\"},{\"@type\":\"ListItem\",\"position\":2,\"name\":\"Presentazione\"}]},{\"@type\":\"WebSite\",\"@id\":\"https:\\\/\\\/omloinfo.com\\\/#website\",\"url\":\"https:\\\/\\\/omloinfo.com\\\/\",\"name\":\"OMLO\",\"description\":\"\",\"publisher\":{\"@id\":\"https:\\\/\\\/omloinfo.com\\\/#organization\"},\"potentialAction\":[{\"@type\":\"SearchAction\",\"target\":{\"@type\":\"EntryPoint\",\"urlTemplate\":\"https:\\\/\\\/omloinfo.com\\\/?s={search_term_string}\"},\"query-input\":{\"@type\":\"PropertyValueSpecification\",\"valueRequired\":true,\"valueName\":\"search_term_string\"}}],\"inLanguage\":\"fr-FR\"},{\"@type\":\"Organization\",\"@id\":\"https:\\\/\\\/omloinfo.com\\\/#organization\",\"name\":\"OMLO\",\"url\":\"https:\\\/\\\/omloinfo.com\\\/\",\"logo\":{\"@type\":\"ImageObject\",\"inLanguage\":\"fr-FR\",\"@id\":\"https:\\\/\\\/omloinfo.com\\\/#\\\/schema\\\/logo\\\/image\\\/\",\"url\":\"https:\\\/\\\/omloinfo.com\\\/wp-content\\\/uploads\\\/2026\\\/04\\\/cropped-Logo-secondaire-OMLO-baseline-creme.png\",\"contentUrl\":\"https:\\\/\\\/omloinfo.com\\\/wp-content\\\/uploads\\\/2026\\\/04\\\/cropped-Logo-secondaire-OMLO-baseline-creme.png\",\"width\":480,\"height\":520,\"caption\":\"OMLO\"},\"image\":{\"@id\":\"https:\\\/\\\/omloinfo.com\\\/#\\\/schema\\\/logo\\\/image\\\/\"}}]}<\/script>\n<!-- \/ Yoast SEO plugin. -->","yoast_head_json":{"title":"Presentazione | OMLO","robots":{"index":"index","follow":"follow","max-snippet":"max-snippet:-1","max-image-preview":"max-image-preview:large","max-video-preview":"max-video-preview:-1"},"canonical":"https:\/\/omloinfo.com\/index.php\/it\/presentazione\/","og_locale":"fr_FR","og_type":"article","og_title":"Presentazione | OMLO","og_description":"Chi sono? Mi chiamo Ga\u00ebtan Maisonneuve, fondatore di OMLO, un&rsquo;azienda che ho creato nel settembre 2024 dopo 20 anni di [&hellip;]","og_url":"https:\/\/omloinfo.com\/index.php\/it\/presentazione\/","og_site_name":"OMLO","article_modified_time":"2026-04-09T15:20:16+00:00","twitter_card":"summary_large_image","twitter_misc":{"Dur\u00e9e de lecture estim\u00e9e":"1 minute"},"schema":{"@context":"https:\/\/schema.org","@graph":[{"@type":"WebPage","@id":"https:\/\/omloinfo.com\/index.php\/it\/presentazione\/","url":"https:\/\/omloinfo.com\/index.php\/it\/presentazione\/","name":"Presentazione | OMLO","isPartOf":{"@id":"https:\/\/omloinfo.com\/#website"},"datePublished":"2026-03-26T14:27:58+00:00","dateModified":"2026-04-09T15:20:16+00:00","breadcrumb":{"@id":"https:\/\/omloinfo.com\/index.php\/it\/presentazione\/#breadcrumb"},"inLanguage":"fr-FR","potentialAction":[{"@type":"ReadAction","target":["https:\/\/omloinfo.com\/index.php\/it\/presentazione\/"]}]},{"@type":"BreadcrumbList","@id":"https:\/\/omloinfo.com\/index.php\/it\/presentazione\/#breadcrumb","itemListElement":[{"@type":"ListItem","position":1,"name":"Accueil","item":"https:\/\/omloinfo.com\/"},{"@type":"ListItem","position":2,"name":"Presentazione"}]},{"@type":"WebSite","@id":"https:\/\/omloinfo.com\/#website","url":"https:\/\/omloinfo.com\/","name":"OMLO","description":"","publisher":{"@id":"https:\/\/omloinfo.com\/#organization"},"potentialAction":[{"@type":"SearchAction","target":{"@type":"EntryPoint","urlTemplate":"https:\/\/omloinfo.com\/?s={search_term_string}"},"query-input":{"@type":"PropertyValueSpecification","valueRequired":true,"valueName":"search_term_string"}}],"inLanguage":"fr-FR"},{"@type":"Organization","@id":"https:\/\/omloinfo.com\/#organization","name":"OMLO","url":"https:\/\/omloinfo.com\/","logo":{"@type":"ImageObject","inLanguage":"fr-FR","@id":"https:\/\/omloinfo.com\/#\/schema\/logo\/image\/","url":"https:\/\/omloinfo.com\/wp-content\/uploads\/2026\/04\/cropped-Logo-secondaire-OMLO-baseline-creme.png","contentUrl":"https:\/\/omloinfo.com\/wp-content\/uploads\/2026\/04\/cropped-Logo-secondaire-OMLO-baseline-creme.png","width":480,"height":520,"caption":"OMLO"},"image":{"@id":"https:\/\/omloinfo.com\/#\/schema\/logo\/image\/"}}]}},"_links":{"self":[{"href":"https:\/\/omloinfo.com\/index.php\/wp-json\/wp\/v2\/pages\/149","targetHints":{"allow":["GET"]}}],"collection":[{"href":"https:\/\/omloinfo.com\/index.php\/wp-json\/wp\/v2\/pages"}],"about":[{"href":"https:\/\/omloinfo.com\/index.php\/wp-json\/wp\/v2\/types\/page"}],"author":[{"embeddable":true,"href":"https:\/\/omloinfo.com\/index.php\/wp-json\/wp\/v2\/users\/3"}],"replies":[{"embeddable":true,"href":"https:\/\/omloinfo.com\/index.php\/wp-json\/wp\/v2\/comments?post=149"}],"version-history":[{"count":3,"href":"https:\/\/omloinfo.com\/index.php\/wp-json\/wp\/v2\/pages\/149\/revisions"}],"predecessor-version":[{"id":518,"href":"https:\/\/omloinfo.com\/index.php\/wp-json\/wp\/v2\/pages\/149\/revisions\/518"}],"wp:attachment":[{"href":"https:\/\/omloinfo.com\/index.php\/wp-json\/wp\/v2\/media?parent=149"}],"curies":[{"name":"wp","href":"https:\/\/api.w.org\/{rel}","templated":true}]}}