{"id":185,"date":"2026-03-26T14:47:33","date_gmt":"2026-03-26T14:47:33","guid":{"rendered":"http:\/\/bhnklxl.cluster129.hosting.ovh.net\/?page_id=185"},"modified":"2026-04-09T14:04:22","modified_gmt":"2026-04-09T14:04:22","slug":"presentacion","status":"publish","type":"page","link":"https:\/\/omloinfo.com\/index.php\/es\/presentacion\/","title":{"rendered":"Presentaci\u00f3n"},"content":{"rendered":"\n<p><strong>\u00bfQui\u00e9n soy?<\/strong><\/p>\n\n\n\n<p>Me llamo Ga\u00ebtan Maisonneuve, fundador de OMLO, una empresa que cre\u00e9 en septiembre de 2024 despu\u00e9s de 20 a\u00f1os de experiencia como responsable de alquileres en una agencia inmobiliaria.<\/p>\n\n\n\n<p>Esta experiencia pr\u00e1ctica est\u00e1 en el centro de mi forma de trabajar: comprender las realidades del mercado, anticipar sus necesidades y acompa\u00f1arle con seriedad y atenci\u00f3n.<\/p>\n\n\n\n<p><strong>Servicios que evolucionan con sus necesidades<\/strong><\/p>\n\n\n\n<p>Partiendo de la gesti\u00f3n de alquileres, he ampliado progresivamente mi oferta para ofrecerle hoy un acompa\u00f1amiento completo:<\/p>\n\n\n\n<ul class=\"wp-block-list\">\n<li><strong>Gesti\u00f3n de alquileres<\/strong> \u2014 seguimiento riguroso de sus propiedades y de sus inquilinos<\/li>\n\n\n\n<li><strong>Servicios de conserjer\u00eda<\/strong> \u2014 coordinaci\u00f3n de trabajos de mantenimiento y reparaciones<\/li>\n\n\n\n<li><strong>R\u00e9nov\u2019\u00c9nergie<\/strong> (desde enero de 2026) \u2014 asesoramiento especializado en renovaci\u00f3n energ\u00e9tica para propietarios<\/li>\n\n\n\n<li><strong>Transacciones y conexiones<\/strong> \u2014 delegaci\u00f3n de mandatos, asociaciones y enlace entre colegas y clientes<\/li>\n<\/ul>\n\n\n\n<p><strong>Mi compromiso<\/strong><\/p>\n\n\n\n<p>Mi objetivo es sencillo:<strong> liberarle de las cargas<\/strong> relacionadas con sus obligaciones como propietario o inquilino, para que pueda concentrarse en lo esencial.<\/p>\n","protected":false},"excerpt":{"rendered":"<p>\u00bfQui\u00e9n soy? Me llamo Ga\u00ebtan Maisonneuve, fundador de OMLO, una empresa que cre\u00e9 en septiembre de 2024 despu\u00e9s de 20 [&hellip;]<\/p>\n","protected":false},"author":3,"featured_media":0,"parent":0,"menu_order":0,"comment_status":"closed","ping_status":"closed","template":"","meta":{"site-sidebar-layout":"default","site-content-layout":"","ast-site-content-layout":"default","site-content-style":"default","site-sidebar-style":"default","ast-global-header-display":"","ast-banner-title-visibility":"","ast-main-header-display":"","ast-hfb-above-header-display":"","ast-hfb-below-header-display":"","ast-hfb-mobile-header-display":"","site-post-title":"","ast-breadcrumbs-content":"","ast-featured-img":"","footer-sml-layout":"","ast-disable-related-posts":"","theme-transparent-header-meta":"","adv-header-id-meta":"","stick-header-meta":"","header-above-stick-meta":"","header-main-stick-meta":"","header-below-stick-meta":"","astra-migrate-meta-layouts":"default","ast-page-background-enabled":"default","ast-page-background-meta":{"desktop":{"background-color":"var(--ast-global-color-5)","background-image":"","background-repeat":"repeat","background-position":"center center","background-size":"auto","background-attachment":"scroll","background-type":"","background-media":"","overlay-type":"","overlay-color":"","overlay-opacity":"","overlay-gradient":""},"tablet":{"background-color":"","background-image":"","background-repeat":"repeat","background-position":"center center","background-size":"auto","background-attachment":"scroll","background-type":"","background-media":"","overlay-type":"","overlay-color":"","overlay-opacity":"","overlay-gradient":""},"mobile":{"background-color":"","background-image":"","background-repeat":"repeat","background-position":"center center","background-size":"auto","background-attachment":"scroll","background-type":"","background-media":"","overlay-type":"","overlay-color":"","overlay-opacity":"","overlay-gradient":""}},"ast-content-background-meta":{"desktop":{"background-color":"var(--ast-global-color-4)","background-image":"","background-repeat":"repeat","background-position":"center center","background-size":"auto","background-attachment":"scroll","background-type":"","background-media":"","overlay-type":"","overlay-color":"","overlay-opacity":"","overlay-gradient":""},"tablet":{"background-color":"var(--ast-global-color-4)","background-image":"","background-repeat":"repeat","background-position":"center center","background-size":"auto","background-attachment":"scroll","background-type":"","background-media":"","overlay-type":"","overlay-color":"","overlay-opacity":"","overlay-gradient":""},"mobile":{"background-color":"var(--ast-global-color-4)","background-image":"","background-repeat":"repeat","background-position":"center center","background-size":"auto","background-attachment":"scroll","background-type":"","background-media":"","overlay-type":"","overlay-color":"","overlay-opacity":"","overlay-gradient":""}},"footnotes":""},"class_list":["post-185","page","type-page","status-publish","hentry"],"yoast_head":"<!-- This site is optimized with the Yoast SEO plugin v27.3 - https:\/\/yoast.com\/product\/yoast-seo-wordpress\/ -->\n<title>Presentaci\u00f3n | OMLO<\/title>\n<meta name=\"robots\" content=\"index, follow, max-snippet:-1, max-image-preview:large, max-video-preview:-1\" \/>\n<link rel=\"canonical\" href=\"https:\/\/omloinfo.com\/index.php\/es\/presentacion\/\" \/>\n<meta property=\"og:locale\" content=\"fr_FR\" \/>\n<meta property=\"og:type\" content=\"article\" \/>\n<meta property=\"og:title\" content=\"Presentaci\u00f3n | OMLO\" \/>\n<meta property=\"og:description\" content=\"\u00bfQui\u00e9n soy? Me llamo Ga\u00ebtan Maisonneuve, fundador de OMLO, una empresa que cre\u00e9 en septiembre de 2024 despu\u00e9s de 20 [&hellip;]\" \/>\n<meta property=\"og:url\" content=\"https:\/\/omloinfo.com\/index.php\/es\/presentacion\/\" \/>\n<meta property=\"og:site_name\" content=\"OMLO\" \/>\n<meta property=\"article:modified_time\" content=\"2026-04-09T14:04:22+00:00\" \/>\n<meta name=\"twitter:card\" content=\"summary_large_image\" \/>\n<meta name=\"twitter:label1\" content=\"Dur\u00e9e de lecture estim\u00e9e\" \/>\n\t<meta name=\"twitter:data1\" content=\"1 minute\" \/>\n<script type=\"application\/ld+json\" class=\"yoast-schema-graph\">{\"@context\":\"https:\\\/\\\/schema.org\",\"@graph\":[{\"@type\":\"WebPage\",\"@id\":\"https:\\\/\\\/omloinfo.com\\\/index.php\\\/es\\\/presentacion\\\/\",\"url\":\"https:\\\/\\\/omloinfo.com\\\/index.php\\\/es\\\/presentacion\\\/\",\"name\":\"Presentaci\u00f3n | OMLO\",\"isPartOf\":{\"@id\":\"https:\\\/\\\/omloinfo.com\\\/#website\"},\"datePublished\":\"2026-03-26T14:47:33+00:00\",\"dateModified\":\"2026-04-09T14:04:22+00:00\",\"breadcrumb\":{\"@id\":\"https:\\\/\\\/omloinfo.com\\\/index.php\\\/es\\\/presentacion\\\/#breadcrumb\"},\"inLanguage\":\"fr-FR\",\"potentialAction\":[{\"@type\":\"ReadAction\",\"target\":[\"https:\\\/\\\/omloinfo.com\\\/index.php\\\/es\\\/presentacion\\\/\"]}]},{\"@type\":\"BreadcrumbList\",\"@id\":\"https:\\\/\\\/omloinfo.com\\\/index.php\\\/es\\\/presentacion\\\/#breadcrumb\",\"itemListElement\":[{\"@type\":\"ListItem\",\"position\":1,\"name\":\"Accueil\",\"item\":\"https:\\\/\\\/omloinfo.com\\\/\"},{\"@type\":\"ListItem\",\"position\":2,\"name\":\"Presentaci\u00f3n\"}]},{\"@type\":\"WebSite\",\"@id\":\"https:\\\/\\\/omloinfo.com\\\/#website\",\"url\":\"https:\\\/\\\/omloinfo.com\\\/\",\"name\":\"OMLO\",\"description\":\"\",\"publisher\":{\"@id\":\"https:\\\/\\\/omloinfo.com\\\/#organization\"},\"potentialAction\":[{\"@type\":\"SearchAction\",\"target\":{\"@type\":\"EntryPoint\",\"urlTemplate\":\"https:\\\/\\\/omloinfo.com\\\/?s={search_term_string}\"},\"query-input\":{\"@type\":\"PropertyValueSpecification\",\"valueRequired\":true,\"valueName\":\"search_term_string\"}}],\"inLanguage\":\"fr-FR\"},{\"@type\":\"Organization\",\"@id\":\"https:\\\/\\\/omloinfo.com\\\/#organization\",\"name\":\"OMLO\",\"url\":\"https:\\\/\\\/omloinfo.com\\\/\",\"logo\":{\"@type\":\"ImageObject\",\"inLanguage\":\"fr-FR\",\"@id\":\"https:\\\/\\\/omloinfo.com\\\/#\\\/schema\\\/logo\\\/image\\\/\",\"url\":\"https:\\\/\\\/omloinfo.com\\\/wp-content\\\/uploads\\\/2026\\\/04\\\/cropped-Logo-secondaire-OMLO-baseline-creme.png\",\"contentUrl\":\"https:\\\/\\\/omloinfo.com\\\/wp-content\\\/uploads\\\/2026\\\/04\\\/cropped-Logo-secondaire-OMLO-baseline-creme.png\",\"width\":480,\"height\":520,\"caption\":\"OMLO\"},\"image\":{\"@id\":\"https:\\\/\\\/omloinfo.com\\\/#\\\/schema\\\/logo\\\/image\\\/\"}}]}<\/script>\n<!-- \/ Yoast SEO plugin. -->","yoast_head_json":{"title":"Presentaci\u00f3n | OMLO","robots":{"index":"index","follow":"follow","max-snippet":"max-snippet:-1","max-image-preview":"max-image-preview:large","max-video-preview":"max-video-preview:-1"},"canonical":"https:\/\/omloinfo.com\/index.php\/es\/presentacion\/","og_locale":"fr_FR","og_type":"article","og_title":"Presentaci\u00f3n | OMLO","og_description":"\u00bfQui\u00e9n soy? Me llamo Ga\u00ebtan Maisonneuve, fundador de OMLO, una empresa que cre\u00e9 en septiembre de 2024 despu\u00e9s de 20 [&hellip;]","og_url":"https:\/\/omloinfo.com\/index.php\/es\/presentacion\/","og_site_name":"OMLO","article_modified_time":"2026-04-09T14:04:22+00:00","twitter_card":"summary_large_image","twitter_misc":{"Dur\u00e9e de lecture estim\u00e9e":"1 minute"},"schema":{"@context":"https:\/\/schema.org","@graph":[{"@type":"WebPage","@id":"https:\/\/omloinfo.com\/index.php\/es\/presentacion\/","url":"https:\/\/omloinfo.com\/index.php\/es\/presentacion\/","name":"Presentaci\u00f3n | OMLO","isPartOf":{"@id":"https:\/\/omloinfo.com\/#website"},"datePublished":"2026-03-26T14:47:33+00:00","dateModified":"2026-04-09T14:04:22+00:00","breadcrumb":{"@id":"https:\/\/omloinfo.com\/index.php\/es\/presentacion\/#breadcrumb"},"inLanguage":"fr-FR","potentialAction":[{"@type":"ReadAction","target":["https:\/\/omloinfo.com\/index.php\/es\/presentacion\/"]}]},{"@type":"BreadcrumbList","@id":"https:\/\/omloinfo.com\/index.php\/es\/presentacion\/#breadcrumb","itemListElement":[{"@type":"ListItem","position":1,"name":"Accueil","item":"https:\/\/omloinfo.com\/"},{"@type":"ListItem","position":2,"name":"Presentaci\u00f3n"}]},{"@type":"WebSite","@id":"https:\/\/omloinfo.com\/#website","url":"https:\/\/omloinfo.com\/","name":"OMLO","description":"","publisher":{"@id":"https:\/\/omloinfo.com\/#organization"},"potentialAction":[{"@type":"SearchAction","target":{"@type":"EntryPoint","urlTemplate":"https:\/\/omloinfo.com\/?s={search_term_string}"},"query-input":{"@type":"PropertyValueSpecification","valueRequired":true,"valueName":"search_term_string"}}],"inLanguage":"fr-FR"},{"@type":"Organization","@id":"https:\/\/omloinfo.com\/#organization","name":"OMLO","url":"https:\/\/omloinfo.com\/","logo":{"@type":"ImageObject","inLanguage":"fr-FR","@id":"https:\/\/omloinfo.com\/#\/schema\/logo\/image\/","url":"https:\/\/omloinfo.com\/wp-content\/uploads\/2026\/04\/cropped-Logo-secondaire-OMLO-baseline-creme.png","contentUrl":"https:\/\/omloinfo.com\/wp-content\/uploads\/2026\/04\/cropped-Logo-secondaire-OMLO-baseline-creme.png","width":480,"height":520,"caption":"OMLO"},"image":{"@id":"https:\/\/omloinfo.com\/#\/schema\/logo\/image\/"}}]}},"_links":{"self":[{"href":"https:\/\/omloinfo.com\/index.php\/wp-json\/wp\/v2\/pages\/185","targetHints":{"allow":["GET"]}}],"collection":[{"href":"https:\/\/omloinfo.com\/index.php\/wp-json\/wp\/v2\/pages"}],"about":[{"href":"https:\/\/omloinfo.com\/index.php\/wp-json\/wp\/v2\/types\/page"}],"author":[{"embeddable":true,"href":"https:\/\/omloinfo.com\/index.php\/wp-json\/wp\/v2\/users\/3"}],"replies":[{"embeddable":true,"href":"https:\/\/omloinfo.com\/index.php\/wp-json\/wp\/v2\/comments?post=185"}],"version-history":[{"count":4,"href":"https:\/\/omloinfo.com\/index.php\/wp-json\/wp\/v2\/pages\/185\/revisions"}],"predecessor-version":[{"id":445,"href":"https:\/\/omloinfo.com\/index.php\/wp-json\/wp\/v2\/pages\/185\/revisions\/445"}],"wp:attachment":[{"href":"https:\/\/omloinfo.com\/index.php\/wp-json\/wp\/v2\/media?parent=185"}],"curies":[{"name":"wp","href":"https:\/\/api.w.org\/{rel}","templated":true}]}}