{"id":197,"date":"2026-03-26T14:53:02","date_gmt":"2026-03-26T14:53:02","guid":{"rendered":"http:\/\/bhnklxl.cluster129.hosting.ovh.net\/?page_id=197"},"modified":"2026-04-17T12:28:47","modified_gmt":"2026-04-17T12:28:47","slug":"omloinfo-com-gestion-locative","status":"publish","type":"page","link":"https:\/\/omloinfo.com\/index.php\/omloinfo-com-gestion-locative\/","title":{"rendered":"Gestion locative"},"content":{"rendered":"\n<p>Sp\u00e9cialis\u00e9e dans la gestion locative, l\u2019entreprise OMLO prend en charge l&rsquo;administration compl\u00e8te de vos biens immobiliers (maisons, appartements), vous lib\u00e9rant de toutes les contraintes administratives, techniques et op\u00e9rationnelles li\u00e9es \u00e0 la mise en location et au suivi de votre patrimoine.<\/p>\n\n\n\n<p>Je m\u2019occupe de chaque \u00e9tape cl\u00e9 du processus de gestion afin de vous garantir une prise en charge simple, efficace et s\u00e9curis\u00e9e :<\/p>\n\n\n\n<ul class=\"wp-block-list\">\n<li>Recherche et s\u00e9lection rigoureuse des locataires afin de garantir la solvabilit\u00e9 et la fiabilit\u00e9 des dossiers<\/li>\n\n\n\n<li>Accompagnement personnalis\u00e9 des locataires tout au long de leur parcours <\/li>\n\n\n\n<li>Publication et diffusion des annonces sur les supports les plus adapt\u00e9s pour maximiser la visibilit\u00e9 de votre bien<\/li>\n\n\n\n<li>Organisation compl\u00e8te des visites avec suivi des candidatures <\/li>\n\n\n\n<li>R\u00e9daction et signature des baux dans le respect des obligations l\u00e9gales en vigueur<\/li>\n<\/ul>\n\n\n\n<p>Durant toute p\u00e9riode la location, je reste pleinement \u00e0 votre disposition pour assurer un suivi continu et r\u00e9actif :<\/p>\n\n\n\n<ul class=\"wp-block-list\">\n<li>G\u00e9rer les \u00e9ventuels incidents (pannes, <a href=\"https:\/\/omloinfo.com\/index.php\/omloinfo-com-conciergerie\/\">travaux<\/a>, sinistres ou d\u00e9gradations)<\/li>\n\n\n\n<li>Veiller au respect des d\u00e9lais et des engagements contractuels <\/li>\n\n\n\n<li>Relancer en cas de retard de paiement et suivi des loyers <\/li>\n\n\n\n<li>G\u00e9rer les transactions financi\u00e8res li\u00e9es \u00e0 la location<\/li>\n\n\n\n<li>Assurer le suivi administratif, juridique et op\u00e9rationnel complet <\/li>\n<\/ul>\n\n\n\n<p>\u00c0 la fin du bail, je r\u00e9alise l\u2019\u00e9tat des lieux de sortie et pr\u00e9pare le logement afin de garantir une remise en location rapide et dans les meilleures conditions. En tant qu\u2019interm\u00e9diaire entre vous et votre locataire, je veille \u00e0 ce que la location se passe sans souci, en vous d\u00e9chargeant de toutes les obligations li\u00e9es \u00e0 la gestion locative, tout en assurant la valorisation et la p\u00e9rennit\u00e9 de votre bien immobilier.<\/p>\n\n\n","protected":false},"excerpt":{"rendered":"<p>Sp\u00e9cialis\u00e9e dans la gestion locative, l\u2019entreprise OMLO prend en charge l&rsquo;administration compl\u00e8te de vos biens immobiliers (maisons, appartements), vous lib\u00e9rant [&hellip;]<\/p>\n","protected":false},"author":5,"featured_media":0,"parent":0,"menu_order":0,"comment_status":"closed","ping_status":"closed","template":"","meta":{"site-sidebar-layout":"default","site-content-layout":"","ast-site-content-layout":"default","site-content-style":"default","site-sidebar-style":"default","ast-global-header-display":"","ast-banner-title-visibility":"","ast-main-header-display":"","ast-hfb-above-header-display":"","ast-hfb-below-header-display":"","ast-hfb-mobile-header-display":"","site-post-title":"","ast-breadcrumbs-content":"","ast-featured-img":"","footer-sml-layout":"","ast-disable-related-posts":"","theme-transparent-header-meta":"","adv-header-id-meta":"","stick-header-meta":"","header-above-stick-meta":"","header-main-stick-meta":"","header-below-stick-meta":"","astra-migrate-meta-layouts":"default","ast-page-background-enabled":"default","ast-page-background-meta":{"desktop":{"background-color":"var(--ast-global-color-5)","background-image":"","background-repeat":"repeat","background-position":"center center","background-size":"auto","background-attachment":"scroll","background-type":"","background-media":"","overlay-type":"","overlay-color":"","overlay-opacity":"","overlay-gradient":""},"tablet":{"background-color":"","background-image":"","background-repeat":"repeat","background-position":"center center","background-size":"auto","background-attachment":"scroll","background-type":"","background-media":"","overlay-type":"","overlay-color":"","overlay-opacity":"","overlay-gradient":""},"mobile":{"background-color":"","background-image":"","background-repeat":"repeat","background-position":"center center","background-size":"auto","background-attachment":"scroll","background-type":"","background-media":"","overlay-type":"","overlay-color":"","overlay-opacity":"","overlay-gradient":""}},"ast-content-background-meta":{"desktop":{"background-color":"var(--ast-global-color-4)","background-image":"","background-repeat":"repeat","background-position":"center center","background-size":"auto","background-attachment":"scroll","background-type":"","background-media":"","overlay-type":"","overlay-color":"","overlay-opacity":"","overlay-gradient":""},"tablet":{"background-color":"var(--ast-global-color-4)","background-image":"","background-repeat":"repeat","background-position":"center center","background-size":"auto","background-attachment":"scroll","background-type":"","background-media":"","overlay-type":"","overlay-color":"","overlay-opacity":"","overlay-gradient":""},"mobile":{"background-color":"var(--ast-global-color-4)","background-image":"","background-repeat":"repeat","background-position":"center center","background-size":"auto","background-attachment":"scroll","background-type":"","background-media":"","overlay-type":"","overlay-color":"","overlay-opacity":"","overlay-gradient":""}},"footnotes":""},"class_list":["post-197","page","type-page","status-publish","hentry"],"yoast_head":"<!-- This site is optimized with the Yoast SEO plugin v27.3 - https:\/\/yoast.com\/product\/yoast-seo-wordpress\/ -->\n<title>Gestion locative | OMLO<\/title>\n<meta name=\"description\" content=\"OMLO assure la gestion locative compl\u00e8te de vos biens immobiliers (maisons, appartements) : recherche de locataires, gestion des annonces, suivi administratif, incidents et \u00e9tats des lieux. Un service cl\u00e9 en main pour louer sereinement sans contraintes.\" \/>\n<meta name=\"robots\" content=\"index, follow, max-snippet:-1, max-image-preview:large, max-video-preview:-1\" \/>\n<link rel=\"canonical\" href=\"https:\/\/omloinfo.com\/index.php\/omloinfo-com-gestion-locative\/\" \/>\n<meta property=\"og:locale\" content=\"fr_FR\" \/>\n<meta property=\"og:type\" content=\"article\" \/>\n<meta property=\"og:title\" content=\"Gestion locative | OMLO\" \/>\n<meta property=\"og:description\" content=\"OMLO assure la gestion locative compl\u00e8te de vos biens immobiliers (maisons, appartements) : recherche de locataires, gestion des annonces, suivi administratif, incidents et \u00e9tats des lieux. Un service cl\u00e9 en main pour louer sereinement sans contraintes.\" \/>\n<meta property=\"og:url\" content=\"https:\/\/omloinfo.com\/index.php\/omloinfo-com-gestion-locative\/\" \/>\n<meta property=\"og:site_name\" content=\"OMLO\" \/>\n<meta property=\"article:modified_time\" content=\"2026-04-17T12:28:47+00:00\" \/>\n<meta property=\"og:image\" content=\"http:\/\/omloinfo.com\/wp-content\/uploads\/2026\/04\/Optimiser-ma-location-logo.png\" \/>\n<meta name=\"twitter:card\" content=\"summary_large_image\" \/>\n<meta name=\"twitter:label1\" content=\"Dur\u00e9e de lecture estim\u00e9e\" \/>\n\t<meta name=\"twitter:data1\" content=\"2 minutes\" \/>\n<script type=\"application\/ld+json\" class=\"yoast-schema-graph\">{\"@context\":\"https:\\\/\\\/schema.org\",\"@graph\":[{\"@type\":\"WebPage\",\"@id\":\"https:\\\/\\\/omloinfo.com\\\/index.php\\\/omloinfo-com-gestion-locative\\\/\",\"url\":\"https:\\\/\\\/omloinfo.com\\\/index.php\\\/omloinfo-com-gestion-locative\\\/\",\"name\":\"Gestion locative | OMLO\",\"isPartOf\":{\"@id\":\"https:\\\/\\\/omloinfo.com\\\/#website\"},\"primaryImageOfPage\":{\"@id\":\"https:\\\/\\\/omloinfo.com\\\/index.php\\\/omloinfo-com-gestion-locative\\\/#primaryimage\"},\"image\":{\"@id\":\"https:\\\/\\\/omloinfo.com\\\/index.php\\\/omloinfo-com-gestion-locative\\\/#primaryimage\"},\"thumbnailUrl\":\"http:\\\/\\\/omloinfo.com\\\/wp-content\\\/uploads\\\/2026\\\/04\\\/Optimiser-ma-location-logo.png\",\"datePublished\":\"2026-03-26T14:53:02+00:00\",\"dateModified\":\"2026-04-17T12:28:47+00:00\",\"description\":\"OMLO assure la gestion locative compl\u00e8te de vos biens immobiliers (maisons, appartements) : recherche de locataires, gestion des annonces, suivi administratif, incidents et \u00e9tats des lieux. Un service cl\u00e9 en main pour louer sereinement sans contraintes.\",\"breadcrumb\":{\"@id\":\"https:\\\/\\\/omloinfo.com\\\/index.php\\\/omloinfo-com-gestion-locative\\\/#breadcrumb\"},\"inLanguage\":\"fr-FR\",\"potentialAction\":[{\"@type\":\"ReadAction\",\"target\":[\"https:\\\/\\\/omloinfo.com\\\/index.php\\\/omloinfo-com-gestion-locative\\\/\"]}]},{\"@type\":\"ImageObject\",\"inLanguage\":\"fr-FR\",\"@id\":\"https:\\\/\\\/omloinfo.com\\\/index.php\\\/omloinfo-com-gestion-locative\\\/#primaryimage\",\"url\":\"https:\\\/\\\/omloinfo.com\\\/wp-content\\\/uploads\\\/2026\\\/04\\\/Optimiser-ma-location-logo.png\",\"contentUrl\":\"https:\\\/\\\/omloinfo.com\\\/wp-content\\\/uploads\\\/2026\\\/04\\\/Optimiser-ma-location-logo.png\",\"width\":1024,\"height\":1024,\"caption\":\"Un logotype de forme circulaire de couleur bleu azur. Au centre, un cercle ouvert \u00e0 sa base laisse appara\u00eetre une porte entrouverte, symbolisant l'accueil et l'acc\u00e8s \u00e0 l'immobilier. Le texte \\\"OPTIMISER MA LOCATION\\\" est dispos\u00e9 de mani\u00e8re circulaire tout autour du symbole central, cr\u00e9ant un badge professionnel et moderne.\"},{\"@type\":\"BreadcrumbList\",\"@id\":\"https:\\\/\\\/omloinfo.com\\\/index.php\\\/omloinfo-com-gestion-locative\\\/#breadcrumb\",\"itemListElement\":[{\"@type\":\"ListItem\",\"position\":1,\"name\":\"Accueil\",\"item\":\"https:\\\/\\\/omloinfo.com\\\/\"},{\"@type\":\"ListItem\",\"position\":2,\"name\":\"Gestion locative\"}]},{\"@type\":\"WebSite\",\"@id\":\"https:\\\/\\\/omloinfo.com\\\/#website\",\"url\":\"https:\\\/\\\/omloinfo.com\\\/\",\"name\":\"OMLO\",\"description\":\"\",\"publisher\":{\"@id\":\"https:\\\/\\\/omloinfo.com\\\/#organization\"},\"potentialAction\":[{\"@type\":\"SearchAction\",\"target\":{\"@type\":\"EntryPoint\",\"urlTemplate\":\"https:\\\/\\\/omloinfo.com\\\/?s={search_term_string}\"},\"query-input\":{\"@type\":\"PropertyValueSpecification\",\"valueRequired\":true,\"valueName\":\"search_term_string\"}}],\"inLanguage\":\"fr-FR\"},{\"@type\":\"Organization\",\"@id\":\"https:\\\/\\\/omloinfo.com\\\/#organization\",\"name\":\"OMLO\",\"url\":\"https:\\\/\\\/omloinfo.com\\\/\",\"logo\":{\"@type\":\"ImageObject\",\"inLanguage\":\"fr-FR\",\"@id\":\"https:\\\/\\\/omloinfo.com\\\/#\\\/schema\\\/logo\\\/image\\\/\",\"url\":\"https:\\\/\\\/omloinfo.com\\\/wp-content\\\/uploads\\\/2026\\\/04\\\/cropped-Logo-secondaire-OMLO-baseline-creme.png\",\"contentUrl\":\"https:\\\/\\\/omloinfo.com\\\/wp-content\\\/uploads\\\/2026\\\/04\\\/cropped-Logo-secondaire-OMLO-baseline-creme.png\",\"width\":480,\"height\":520,\"caption\":\"OMLO\"},\"image\":{\"@id\":\"https:\\\/\\\/omloinfo.com\\\/#\\\/schema\\\/logo\\\/image\\\/\"}}]}<\/script>\n<!-- \/ Yoast SEO plugin. -->","yoast_head_json":{"title":"Gestion locative | OMLO","description":"OMLO assure la gestion locative compl\u00e8te de vos biens immobiliers (maisons, appartements) : recherche de locataires, gestion des annonces, suivi administratif, incidents et \u00e9tats des lieux. Un service cl\u00e9 en main pour louer sereinement sans contraintes.","robots":{"index":"index","follow":"follow","max-snippet":"max-snippet:-1","max-image-preview":"max-image-preview:large","max-video-preview":"max-video-preview:-1"},"canonical":"https:\/\/omloinfo.com\/index.php\/omloinfo-com-gestion-locative\/","og_locale":"fr_FR","og_type":"article","og_title":"Gestion locative | OMLO","og_description":"OMLO assure la gestion locative compl\u00e8te de vos biens immobiliers (maisons, appartements) : recherche de locataires, gestion des annonces, suivi administratif, incidents et \u00e9tats des lieux. Un service cl\u00e9 en main pour louer sereinement sans contraintes.","og_url":"https:\/\/omloinfo.com\/index.php\/omloinfo-com-gestion-locative\/","og_site_name":"OMLO","article_modified_time":"2026-04-17T12:28:47+00:00","og_image":[{"url":"http:\/\/omloinfo.com\/wp-content\/uploads\/2026\/04\/Optimiser-ma-location-logo.png","type":"","width":"","height":""}],"twitter_card":"summary_large_image","twitter_misc":{"Dur\u00e9e de lecture estim\u00e9e":"2 minutes"},"schema":{"@context":"https:\/\/schema.org","@graph":[{"@type":"WebPage","@id":"https:\/\/omloinfo.com\/index.php\/omloinfo-com-gestion-locative\/","url":"https:\/\/omloinfo.com\/index.php\/omloinfo-com-gestion-locative\/","name":"Gestion locative | OMLO","isPartOf":{"@id":"https:\/\/omloinfo.com\/#website"},"primaryImageOfPage":{"@id":"https:\/\/omloinfo.com\/index.php\/omloinfo-com-gestion-locative\/#primaryimage"},"image":{"@id":"https:\/\/omloinfo.com\/index.php\/omloinfo-com-gestion-locative\/#primaryimage"},"thumbnailUrl":"http:\/\/omloinfo.com\/wp-content\/uploads\/2026\/04\/Optimiser-ma-location-logo.png","datePublished":"2026-03-26T14:53:02+00:00","dateModified":"2026-04-17T12:28:47+00:00","description":"OMLO assure la gestion locative compl\u00e8te de vos biens immobiliers (maisons, appartements) : recherche de locataires, gestion des annonces, suivi administratif, incidents et \u00e9tats des lieux. Un service cl\u00e9 en main pour louer sereinement sans contraintes.","breadcrumb":{"@id":"https:\/\/omloinfo.com\/index.php\/omloinfo-com-gestion-locative\/#breadcrumb"},"inLanguage":"fr-FR","potentialAction":[{"@type":"ReadAction","target":["https:\/\/omloinfo.com\/index.php\/omloinfo-com-gestion-locative\/"]}]},{"@type":"ImageObject","inLanguage":"fr-FR","@id":"https:\/\/omloinfo.com\/index.php\/omloinfo-com-gestion-locative\/#primaryimage","url":"https:\/\/omloinfo.com\/wp-content\/uploads\/2026\/04\/Optimiser-ma-location-logo.png","contentUrl":"https:\/\/omloinfo.com\/wp-content\/uploads\/2026\/04\/Optimiser-ma-location-logo.png","width":1024,"height":1024,"caption":"Un logotype de forme circulaire de couleur bleu azur. Au centre, un cercle ouvert \u00e0 sa base laisse appara\u00eetre une porte entrouverte, symbolisant l'accueil et l'acc\u00e8s \u00e0 l'immobilier. Le texte \"OPTIMISER MA LOCATION\" est dispos\u00e9 de mani\u00e8re circulaire tout autour du symbole central, cr\u00e9ant un badge professionnel et moderne."},{"@type":"BreadcrumbList","@id":"https:\/\/omloinfo.com\/index.php\/omloinfo-com-gestion-locative\/#breadcrumb","itemListElement":[{"@type":"ListItem","position":1,"name":"Accueil","item":"https:\/\/omloinfo.com\/"},{"@type":"ListItem","position":2,"name":"Gestion locative"}]},{"@type":"WebSite","@id":"https:\/\/omloinfo.com\/#website","url":"https:\/\/omloinfo.com\/","name":"OMLO","description":"","publisher":{"@id":"https:\/\/omloinfo.com\/#organization"},"potentialAction":[{"@type":"SearchAction","target":{"@type":"EntryPoint","urlTemplate":"https:\/\/omloinfo.com\/?s={search_term_string}"},"query-input":{"@type":"PropertyValueSpecification","valueRequired":true,"valueName":"search_term_string"}}],"inLanguage":"fr-FR"},{"@type":"Organization","@id":"https:\/\/omloinfo.com\/#organization","name":"OMLO","url":"https:\/\/omloinfo.com\/","logo":{"@type":"ImageObject","inLanguage":"fr-FR","@id":"https:\/\/omloinfo.com\/#\/schema\/logo\/image\/","url":"https:\/\/omloinfo.com\/wp-content\/uploads\/2026\/04\/cropped-Logo-secondaire-OMLO-baseline-creme.png","contentUrl":"https:\/\/omloinfo.com\/wp-content\/uploads\/2026\/04\/cropped-Logo-secondaire-OMLO-baseline-creme.png","width":480,"height":520,"caption":"OMLO"},"image":{"@id":"https:\/\/omloinfo.com\/#\/schema\/logo\/image\/"}}]}},"_links":{"self":[{"href":"https:\/\/omloinfo.com\/index.php\/wp-json\/wp\/v2\/pages\/197","targetHints":{"allow":["GET"]}}],"collection":[{"href":"https:\/\/omloinfo.com\/index.php\/wp-json\/wp\/v2\/pages"}],"about":[{"href":"https:\/\/omloinfo.com\/index.php\/wp-json\/wp\/v2\/types\/page"}],"author":[{"embeddable":true,"href":"https:\/\/omloinfo.com\/index.php\/wp-json\/wp\/v2\/users\/5"}],"replies":[{"embeddable":true,"href":"https:\/\/omloinfo.com\/index.php\/wp-json\/wp\/v2\/comments?post=197"}],"version-history":[{"count":13,"href":"https:\/\/omloinfo.com\/index.php\/wp-json\/wp\/v2\/pages\/197\/revisions"}],"predecessor-version":[{"id":668,"href":"https:\/\/omloinfo.com\/index.php\/wp-json\/wp\/v2\/pages\/197\/revisions\/668"}],"wp:attachment":[{"href":"https:\/\/omloinfo.com\/index.php\/wp-json\/wp\/v2\/media?parent=197"}],"curies":[{"name":"wp","href":"https:\/\/api.w.org\/{rel}","templated":true}]}}