{"id":207,"date":"2026-03-26T14:54:16","date_gmt":"2026-03-26T14:54:16","guid":{"rendered":"http:\/\/bhnklxl.cluster129.hosting.ovh.net\/?page_id=207"},"modified":"2026-04-17T12:29:46","modified_gmt":"2026-04-17T12:29:46","slug":"omloinfo-com-conciergerie","status":"publish","type":"page","link":"https:\/\/omloinfo.com\/index.php\/omloinfo-com-conciergerie\/","title":{"rendered":"Conciergerie"},"content":{"rendered":"\n<p>Afin d\u2019optimiser la valorisation de votre patrimoine, OMLO vous propose des services de travaux d\u2019entretien et de r\u00e9novation afin de promettre \u00e0 sa client\u00e8le des biens de qualit\u00e9. Un service suppl\u00e9mentaire dont elle peut \u00e9galement faire profiter ses confr\u00e8res g\u00e9rants immobiliers.&nbsp;<br><\/p>\n\n\n\n<p><strong>Conditions <\/strong>:&nbsp;<\/p>\n\n\n\n<ul class=\"wp-block-list\">\n<li>Vous souhaitez mettre <a href=\"https:\/\/omloinfo.com\/index.php\/offres-en-cours\/\">votre bien <\/a>en location, mais celui-ci a besoin d\u2019une remise en beaut\u00e9 ?&nbsp;<\/li>\n\n\n\n<li>Votre bien met du temps \u00e0 se vendre et il faut l\u2019entretenir ?&nbsp;<\/li>\n\n\n\n<li>Vous habitez loin et ne pouvez pas suivre les travaux vous-m\u00eame ?&nbsp;<\/li>\n<\/ul>\n\n\n\n<p><strong>OMLO vous propose <\/strong>:&nbsp;<\/p>\n\n\n\n<ul class=\"wp-block-list\">\n<li>De l\u2019entretien courant, incluant le nettoyage complet de votre logement, aux petites interventions de maintenance telles que le remplacement d\u2019ampoules ou des \u00e9l\u00e9ments de plomberie dans vos logements non meubl\u00e9s.<\/li>\n\n\n\n<li>Une prise en charge de vos espaces ext\u00e9rieurs ainsi que de la s\u00e9curit\u00e9 de votre bien.<\/li>\n\n\n\n<li>Une v\u00e9rification de vos \u00e9quipements et mobiliers avec nettoyage et entretien au besoin dans vos biens meubl\u00e9s.<\/li>\n\n\n\n<li>Des prestations compl\u00e9mentaires tels que des enl\u00e8vements d&rsquo;encombrants ou encore des remises en \u00e9tat en cas de l\u00e9ger sinistre.<\/li>\n<\/ul>\n\n\n\n<p>N\u2019h\u00e9sitez pas \u00e0 contacter OMLO afin de b\u00e9n\u00e9ficier d\u2019un accompagnement sur mesure et d\u2019un suivi complet pour valoriser votre bien en toute s\u00e9r\u00e9nit\u00e9 et afin que vous puisez profiter d&rsquo;un bien \u00e9quip\u00e9, propre et confortable. <br><\/p>\n\n\n\n\n\n<p><\/p>\n","protected":false},"excerpt":{"rendered":"<p>Afin d\u2019optimiser la valorisation de votre patrimoine, OMLO vous propose des services de travaux d\u2019entretien et de r\u00e9novation afin de [&hellip;]<\/p>\n","protected":false},"author":5,"featured_media":0,"parent":0,"menu_order":0,"comment_status":"closed","ping_status":"closed","template":"","meta":{"site-sidebar-layout":"default","site-content-layout":"","ast-site-content-layout":"default","site-content-style":"default","site-sidebar-style":"default","ast-global-header-display":"","ast-banner-title-visibility":"","ast-main-header-display":"","ast-hfb-above-header-display":"","ast-hfb-below-header-display":"","ast-hfb-mobile-header-display":"","site-post-title":"","ast-breadcrumbs-content":"","ast-featured-img":"","footer-sml-layout":"","ast-disable-related-posts":"","theme-transparent-header-meta":"","adv-header-id-meta":"","stick-header-meta":"","header-above-stick-meta":"","header-main-stick-meta":"","header-below-stick-meta":"","astra-migrate-meta-layouts":"default","ast-page-background-enabled":"default","ast-page-background-meta":{"desktop":{"background-color":"var(--ast-global-color-5)","background-image":"","background-repeat":"repeat","background-position":"center center","background-size":"auto","background-attachment":"scroll","background-type":"","background-media":"","overlay-type":"","overlay-color":"","overlay-opacity":"","overlay-gradient":""},"tablet":{"background-color":"","background-image":"","background-repeat":"repeat","background-position":"center center","background-size":"auto","background-attachment":"scroll","background-type":"","background-media":"","overlay-type":"","overlay-color":"","overlay-opacity":"","overlay-gradient":""},"mobile":{"background-color":"","background-image":"","background-repeat":"repeat","background-position":"center center","background-size":"auto","background-attachment":"scroll","background-type":"","background-media":"","overlay-type":"","overlay-color":"","overlay-opacity":"","overlay-gradient":""}},"ast-content-background-meta":{"desktop":{"background-color":"var(--ast-global-color-4)","background-image":"","background-repeat":"repeat","background-position":"center center","background-size":"auto","background-attachment":"scroll","background-type":"","background-media":"","overlay-type":"","overlay-color":"","overlay-opacity":"","overlay-gradient":""},"tablet":{"background-color":"var(--ast-global-color-4)","background-image":"","background-repeat":"repeat","background-position":"center center","background-size":"auto","background-attachment":"scroll","background-type":"","background-media":"","overlay-type":"","overlay-color":"","overlay-opacity":"","overlay-gradient":""},"mobile":{"background-color":"var(--ast-global-color-4)","background-image":"","background-repeat":"repeat","background-position":"center center","background-size":"auto","background-attachment":"scroll","background-type":"","background-media":"","overlay-type":"","overlay-color":"","overlay-opacity":"","overlay-gradient":""}},"footnotes":""},"class_list":["post-207","page","type-page","status-publish","hentry"],"yoast_head":"<!-- This site is optimized with the Yoast SEO plugin v27.3 - https:\/\/yoast.com\/product\/yoast-seo-wordpress\/ -->\n<title>Conciergerie | OMLO Maintenance et entretien immobili\u00e8re<\/title>\n<meta name=\"description\" content=\"OMLO vous propose des services de travaux d\u2019entretien et de r\u00e9novation afin de promettre \u00e0 sa client\u00e8le des biens de qualit\u00e9.\" \/>\n<meta name=\"robots\" content=\"index, follow, max-snippet:-1, max-image-preview:large, max-video-preview:-1\" \/>\n<link rel=\"canonical\" href=\"https:\/\/omloinfo.com\/index.php\/omloinfo-com-conciergerie\/\" \/>\n<meta property=\"og:locale\" content=\"fr_FR\" \/>\n<meta property=\"og:type\" content=\"article\" \/>\n<meta property=\"og:title\" content=\"Conciergerie | OMLO Maintenance et entretien immobili\u00e8re\" \/>\n<meta property=\"og:description\" content=\"OMLO vous propose des services de travaux d\u2019entretien et de r\u00e9novation afin de promettre \u00e0 sa client\u00e8le des biens de qualit\u00e9.\" \/>\n<meta property=\"og:url\" content=\"https:\/\/omloinfo.com\/index.php\/omloinfo-com-conciergerie\/\" \/>\n<meta property=\"og:site_name\" content=\"OMLO\" \/>\n<meta property=\"article:modified_time\" content=\"2026-04-17T12:29:46+00:00\" \/>\n<meta property=\"og:image\" content=\"http:\/\/omloinfo.com\/wp-content\/uploads\/2026\/04\/Optimiser-ma-location-logo.png\" \/>\n<meta name=\"twitter:card\" content=\"summary_large_image\" \/>\n<meta name=\"twitter:label1\" content=\"Dur\u00e9e de lecture estim\u00e9e\" \/>\n\t<meta name=\"twitter:data1\" content=\"2 minutes\" \/>\n<script type=\"application\/ld+json\" class=\"yoast-schema-graph\">{\"@context\":\"https:\\\/\\\/schema.org\",\"@graph\":[{\"@type\":\"WebPage\",\"@id\":\"https:\\\/\\\/omloinfo.com\\\/index.php\\\/omloinfo-com-conciergerie\\\/\",\"url\":\"https:\\\/\\\/omloinfo.com\\\/index.php\\\/omloinfo-com-conciergerie\\\/\",\"name\":\"Conciergerie | OMLO Maintenance et entretien immobili\u00e8re\",\"isPartOf\":{\"@id\":\"https:\\\/\\\/omloinfo.com\\\/#website\"},\"primaryImageOfPage\":{\"@id\":\"https:\\\/\\\/omloinfo.com\\\/index.php\\\/omloinfo-com-conciergerie\\\/#primaryimage\"},\"image\":{\"@id\":\"https:\\\/\\\/omloinfo.com\\\/index.php\\\/omloinfo-com-conciergerie\\\/#primaryimage\"},\"thumbnailUrl\":\"http:\\\/\\\/omloinfo.com\\\/wp-content\\\/uploads\\\/2026\\\/04\\\/Optimiser-ma-location-logo.png\",\"datePublished\":\"2026-03-26T14:54:16+00:00\",\"dateModified\":\"2026-04-17T12:29:46+00:00\",\"description\":\"OMLO vous propose des services de travaux d\u2019entretien et de r\u00e9novation afin de promettre \u00e0 sa client\u00e8le des biens de qualit\u00e9.\",\"breadcrumb\":{\"@id\":\"https:\\\/\\\/omloinfo.com\\\/index.php\\\/omloinfo-com-conciergerie\\\/#breadcrumb\"},\"inLanguage\":\"fr-FR\",\"potentialAction\":[{\"@type\":\"ReadAction\",\"target\":[\"https:\\\/\\\/omloinfo.com\\\/index.php\\\/omloinfo-com-conciergerie\\\/\"]}]},{\"@type\":\"ImageObject\",\"inLanguage\":\"fr-FR\",\"@id\":\"https:\\\/\\\/omloinfo.com\\\/index.php\\\/omloinfo-com-conciergerie\\\/#primaryimage\",\"url\":\"https:\\\/\\\/omloinfo.com\\\/wp-content\\\/uploads\\\/2026\\\/04\\\/Optimiser-ma-location-logo.png\",\"contentUrl\":\"https:\\\/\\\/omloinfo.com\\\/wp-content\\\/uploads\\\/2026\\\/04\\\/Optimiser-ma-location-logo.png\",\"width\":1024,\"height\":1024,\"caption\":\"Un logotype de forme circulaire de couleur bleu azur. Au centre, un cercle ouvert \u00e0 sa base laisse appara\u00eetre une porte entrouverte, symbolisant l'accueil et l'acc\u00e8s \u00e0 l'immobilier. Le texte \\\"OPTIMISER MA LOCATION\\\" est dispos\u00e9 de mani\u00e8re circulaire tout autour du symbole central, cr\u00e9ant un badge professionnel et moderne.\"},{\"@type\":\"BreadcrumbList\",\"@id\":\"https:\\\/\\\/omloinfo.com\\\/index.php\\\/omloinfo-com-conciergerie\\\/#breadcrumb\",\"itemListElement\":[{\"@type\":\"ListItem\",\"position\":1,\"name\":\"Accueil\",\"item\":\"https:\\\/\\\/omloinfo.com\\\/\"},{\"@type\":\"ListItem\",\"position\":2,\"name\":\"Conciergerie\"}]},{\"@type\":\"WebSite\",\"@id\":\"https:\\\/\\\/omloinfo.com\\\/#website\",\"url\":\"https:\\\/\\\/omloinfo.com\\\/\",\"name\":\"OMLO\",\"description\":\"\",\"publisher\":{\"@id\":\"https:\\\/\\\/omloinfo.com\\\/#organization\"},\"potentialAction\":[{\"@type\":\"SearchAction\",\"target\":{\"@type\":\"EntryPoint\",\"urlTemplate\":\"https:\\\/\\\/omloinfo.com\\\/?s={search_term_string}\"},\"query-input\":{\"@type\":\"PropertyValueSpecification\",\"valueRequired\":true,\"valueName\":\"search_term_string\"}}],\"inLanguage\":\"fr-FR\"},{\"@type\":\"Organization\",\"@id\":\"https:\\\/\\\/omloinfo.com\\\/#organization\",\"name\":\"OMLO\",\"url\":\"https:\\\/\\\/omloinfo.com\\\/\",\"logo\":{\"@type\":\"ImageObject\",\"inLanguage\":\"fr-FR\",\"@id\":\"https:\\\/\\\/omloinfo.com\\\/#\\\/schema\\\/logo\\\/image\\\/\",\"url\":\"https:\\\/\\\/omloinfo.com\\\/wp-content\\\/uploads\\\/2026\\\/04\\\/cropped-Logo-secondaire-OMLO-baseline-creme.png\",\"contentUrl\":\"https:\\\/\\\/omloinfo.com\\\/wp-content\\\/uploads\\\/2026\\\/04\\\/cropped-Logo-secondaire-OMLO-baseline-creme.png\",\"width\":480,\"height\":520,\"caption\":\"OMLO\"},\"image\":{\"@id\":\"https:\\\/\\\/omloinfo.com\\\/#\\\/schema\\\/logo\\\/image\\\/\"}}]}<\/script>\n<!-- \/ Yoast SEO plugin. -->","yoast_head_json":{"title":"Conciergerie | OMLO Maintenance et entretien immobili\u00e8re","description":"OMLO vous propose des services de travaux d\u2019entretien et de r\u00e9novation afin de promettre \u00e0 sa client\u00e8le des biens de qualit\u00e9.","robots":{"index":"index","follow":"follow","max-snippet":"max-snippet:-1","max-image-preview":"max-image-preview:large","max-video-preview":"max-video-preview:-1"},"canonical":"https:\/\/omloinfo.com\/index.php\/omloinfo-com-conciergerie\/","og_locale":"fr_FR","og_type":"article","og_title":"Conciergerie | OMLO Maintenance et entretien immobili\u00e8re","og_description":"OMLO vous propose des services de travaux d\u2019entretien et de r\u00e9novation afin de promettre \u00e0 sa client\u00e8le des biens de qualit\u00e9.","og_url":"https:\/\/omloinfo.com\/index.php\/omloinfo-com-conciergerie\/","og_site_name":"OMLO","article_modified_time":"2026-04-17T12:29:46+00:00","og_image":[{"url":"http:\/\/omloinfo.com\/wp-content\/uploads\/2026\/04\/Optimiser-ma-location-logo.png","type":"","width":"","height":""}],"twitter_card":"summary_large_image","twitter_misc":{"Dur\u00e9e de lecture estim\u00e9e":"2 minutes"},"schema":{"@context":"https:\/\/schema.org","@graph":[{"@type":"WebPage","@id":"https:\/\/omloinfo.com\/index.php\/omloinfo-com-conciergerie\/","url":"https:\/\/omloinfo.com\/index.php\/omloinfo-com-conciergerie\/","name":"Conciergerie | OMLO Maintenance et entretien immobili\u00e8re","isPartOf":{"@id":"https:\/\/omloinfo.com\/#website"},"primaryImageOfPage":{"@id":"https:\/\/omloinfo.com\/index.php\/omloinfo-com-conciergerie\/#primaryimage"},"image":{"@id":"https:\/\/omloinfo.com\/index.php\/omloinfo-com-conciergerie\/#primaryimage"},"thumbnailUrl":"http:\/\/omloinfo.com\/wp-content\/uploads\/2026\/04\/Optimiser-ma-location-logo.png","datePublished":"2026-03-26T14:54:16+00:00","dateModified":"2026-04-17T12:29:46+00:00","description":"OMLO vous propose des services de travaux d\u2019entretien et de r\u00e9novation afin de promettre \u00e0 sa client\u00e8le des biens de qualit\u00e9.","breadcrumb":{"@id":"https:\/\/omloinfo.com\/index.php\/omloinfo-com-conciergerie\/#breadcrumb"},"inLanguage":"fr-FR","potentialAction":[{"@type":"ReadAction","target":["https:\/\/omloinfo.com\/index.php\/omloinfo-com-conciergerie\/"]}]},{"@type":"ImageObject","inLanguage":"fr-FR","@id":"https:\/\/omloinfo.com\/index.php\/omloinfo-com-conciergerie\/#primaryimage","url":"https:\/\/omloinfo.com\/wp-content\/uploads\/2026\/04\/Optimiser-ma-location-logo.png","contentUrl":"https:\/\/omloinfo.com\/wp-content\/uploads\/2026\/04\/Optimiser-ma-location-logo.png","width":1024,"height":1024,"caption":"Un logotype de forme circulaire de couleur bleu azur. Au centre, un cercle ouvert \u00e0 sa base laisse appara\u00eetre une porte entrouverte, symbolisant l'accueil et l'acc\u00e8s \u00e0 l'immobilier. Le texte \"OPTIMISER MA LOCATION\" est dispos\u00e9 de mani\u00e8re circulaire tout autour du symbole central, cr\u00e9ant un badge professionnel et moderne."},{"@type":"BreadcrumbList","@id":"https:\/\/omloinfo.com\/index.php\/omloinfo-com-conciergerie\/#breadcrumb","itemListElement":[{"@type":"ListItem","position":1,"name":"Accueil","item":"https:\/\/omloinfo.com\/"},{"@type":"ListItem","position":2,"name":"Conciergerie"}]},{"@type":"WebSite","@id":"https:\/\/omloinfo.com\/#website","url":"https:\/\/omloinfo.com\/","name":"OMLO","description":"","publisher":{"@id":"https:\/\/omloinfo.com\/#organization"},"potentialAction":[{"@type":"SearchAction","target":{"@type":"EntryPoint","urlTemplate":"https:\/\/omloinfo.com\/?s={search_term_string}"},"query-input":{"@type":"PropertyValueSpecification","valueRequired":true,"valueName":"search_term_string"}}],"inLanguage":"fr-FR"},{"@type":"Organization","@id":"https:\/\/omloinfo.com\/#organization","name":"OMLO","url":"https:\/\/omloinfo.com\/","logo":{"@type":"ImageObject","inLanguage":"fr-FR","@id":"https:\/\/omloinfo.com\/#\/schema\/logo\/image\/","url":"https:\/\/omloinfo.com\/wp-content\/uploads\/2026\/04\/cropped-Logo-secondaire-OMLO-baseline-creme.png","contentUrl":"https:\/\/omloinfo.com\/wp-content\/uploads\/2026\/04\/cropped-Logo-secondaire-OMLO-baseline-creme.png","width":480,"height":520,"caption":"OMLO"},"image":{"@id":"https:\/\/omloinfo.com\/#\/schema\/logo\/image\/"}}]}},"_links":{"self":[{"href":"https:\/\/omloinfo.com\/index.php\/wp-json\/wp\/v2\/pages\/207","targetHints":{"allow":["GET"]}}],"collection":[{"href":"https:\/\/omloinfo.com\/index.php\/wp-json\/wp\/v2\/pages"}],"about":[{"href":"https:\/\/omloinfo.com\/index.php\/wp-json\/wp\/v2\/types\/page"}],"author":[{"embeddable":true,"href":"https:\/\/omloinfo.com\/index.php\/wp-json\/wp\/v2\/users\/5"}],"replies":[{"embeddable":true,"href":"https:\/\/omloinfo.com\/index.php\/wp-json\/wp\/v2\/comments?post=207"}],"version-history":[{"count":8,"href":"https:\/\/omloinfo.com\/index.php\/wp-json\/wp\/v2\/pages\/207\/revisions"}],"predecessor-version":[{"id":669,"href":"https:\/\/omloinfo.com\/index.php\/wp-json\/wp\/v2\/pages\/207\/revisions\/669"}],"wp:attachment":[{"href":"https:\/\/omloinfo.com\/index.php\/wp-json\/wp\/v2\/media?parent=207"}],"curies":[{"name":"wp","href":"https:\/\/api.w.org\/{rel}","templated":true}]}}